{"id":2133,"date":"2019-08-28T16:21:55","date_gmt":"2019-08-28T14:21:55","guid":{"rendered":"http:\/\/interactiegroep.wpmudev.host\/?page_id=2133"},"modified":"2025-10-09T14:51:43","modified_gmt":"2025-10-09T12:51:43","slug":"vacatures-en-stages","status":"publish","type":"page","link":"https:\/\/www.interactiegroep.nl\/en\/vacatures-en-stages\/","title":{"rendered":"Vacatures en stages"},"content":{"rendered":"<h1>Heb je interesse in werken bij Interactie? Stuur dan een open sollicitatie met CV en foto naar ons toe.<\/h1>\n<h1>Vacatures<\/h1>\n<hr>\n<div>\n<h3>Verenigings- &#038; Eventmanager<\/h3>\n<p>Locatie: Ede | Uren: 36\u201340 per week<\/p>\n<div>\n<p>Ben jij een organisatorisch talent dat energie krijgt van dynamiek, mensen \u00e9n projecten? Word jij blij van een goed gevulde agenda, overzicht houden in chaos en het vlekkeloos laten verlopen van evenementen en verenigingsactiviteiten? Dan zoeken wij jou!<\/p>\n<h4>Over de Interactie Groep<\/h4>\n<p>Wij zijn een innovatieve organisatie in Ede, waar jonge idee\u00ebn en ervaring samenkomen. Onze kracht zit in samenwerking: binnen ons team \u00e9n met onze opdrachtgevers. We werken aan betekenisvolle projecten en cre\u00ebren impact met een glimlach.<\/p>\n<h4>Wat ga je doen?<\/h4>\n<p>Als Verenigings- &amp; Eventmanager \/ Administratieve duizendpoot ben jij het kloppend hart van onze organisatie. Geen dag is hetzelfde! De ene dag organiseer je een ledenbijeenkomst of congres, de andere dag co\u00f6rdineer je administratie en communicatie voor meerdere verenigingen.<br \/>Jij bent het aanspreekpunt voor leden, partners en collega\u2019s en zorgt ervoor dat alles op rolletjes loopt:\u00a0 van planning en communicatie tot administratie en aftercare.<br \/>Kortom: jij zorgt dat het gebeurt, \u00e9n dat het goed gebeurt.<\/p>\n<h4>Wat wij vragen<\/h4>\n<ul>\n<li>MBO+\/HBO werk- en denkniveau, liefst met een achtergrond in management, organisatie of administratie.<\/li>\n<li>Minimaal 2 jaar ervaring in een vergelijkbare functie.<\/li>\n<li>Taalgevoel: uitstekende beheersing van het Nederlands (Engels is een pluspunt).<\/li>\n<li>Je bent sociaal, servicegericht, flexibel en weet mensen met elkaar te verbinden.<\/li>\n<li>Organisatorisch sterk, nauwkeurig en ordelijk (ja, je houdt van lijstjes).<\/li>\n<li>Handig met computers, CRM-systemen en administratieve tools.<\/li>\n<li>Je floreert in een omgeving waar veel gebeurt en projecten elkaar snel afwisselen.<\/li>\n<\/ul>\n<h4>Wat wij bieden<\/h4>\n<ul>\n<li>Een marktconform salaris passend bij je ervaring.<\/li>\n<li>Flexibele werktijden en een warme, inspirerende werkomgeving.<\/li>\n<li>Een enthousiast, jong team dat graag samenwerkt en van aanpakken weet.<\/li>\n<li>24 vakantiedagen (op basis van 40 uur).<\/li>\n<li>Volop mogelijkheden om jezelf te ontwikkelen via trainingen en opleidingen.<\/li>\n<li>Een fietsplan (lekker duurzaam).<\/li>\n<li>Een jaarcontract met uitzicht op een vast dienstverband.<\/li>\n<\/ul>\n<h4>Klaar voor de volgende stap?<\/h4>\n<p>Ben jij die energieke regelaar die van plannen, organiseren en verbinden houdt? Solliciteer vandaag nog en word onderdeel van de Interactie Groep.<\/p>\n<\/div>\n<\/div>\n<h1>Stages<\/h1>\n<hr>\n<p><img decoding=\"async\" data-src=\"\/wp-content\/uploads\/2019\/08\/ecabo.png\" alt=\"\" src=\"data:image\/svg+xml;base64,PHN2ZyB3aWR0aD0iMSIgaGVpZ2h0PSIxIiB4bWxucz0iaHR0cDovL3d3dy53My5vcmcvMjAwMC9zdmciPjwvc3ZnPg==\" class=\"lazyload\" style=\"--smush-placeholder-width: 140px; --smush-placeholder-aspect-ratio: 140\/43;\"><\/p>\n<div>\n<p>Wil je je verder ontwikkelen door ervaring op te doen in de praktijk? Dat kan! Interactie biedt MBO- en HBO-studenten de gelegenheid om een leuke en leerzame stage te lopen. Er zijn mogelijkheden voor zowel meeloop- als afstudeerstages. Interactie is een erkend leerbedrijf van de ECABO en van het Landelijk Orgaan Beroepsonderwijs Horeca, Toerisme en Voeding (LOB HTV).<\/p>\n<p>Geef in een mail of brief een duidelijke omschrijving van zowel je opleiding als het doel van de stage (meelopen of afstuderen) en\/of de stageopdracht. Voeg daarnaast een CV toe en vertel iets over jezelf en je achtergrond.<\/p>\n<p>Wij bieden een leuke en professionele werkomgeving in een jong en enthousiast team binnen een sterk groeiende succesvolle organisatie.<\/p>\n<p>Je sollicitatie kun je sturen naar:<br \/>\n  <strong>Interactie Groep<\/strong><br \/>\n  t.a.v. Jolien Wiegman<br \/>\n  Horapark 9<br \/>\n  6717 LZ Ede<br \/>\n  E-mail: info@interactiegroep.nl<\/p>\n<\/div>\n<p><img decoding=\"async\" data-src=\"\/wp-content\/uploads\/2019\/08\/kantoor.jpg\" alt=\"\" src=\"data:image\/svg+xml;base64,PHN2ZyB3aWR0aD0iMSIgaGVpZ2h0PSIxIiB4bWxucz0iaHR0cDovL3d3dy53My5vcmcvMjAwMC9zdmciPjwvc3ZnPg==\" class=\"lazyload\" style=\"--smush-placeholder-width: 900px; --smush-placeholder-aspect-ratio: 900\/600;\" data-srcset=\"https:\/\/www.interactiegroep.nl\/wp-content\/uploads\/2019\/08\/kantoor.jpg 900w, https:\/\/www.interactiegroep.nl\/wp-content\/uploads\/2019\/08\/kantoor-300x200.jpg 300w, https:\/\/www.interactiegroep.nl\/wp-content\/uploads\/2019\/08\/kantoor-768x512.jpg 768w, https:\/\/www.interactiegroep.nl\/wp-content\/uploads\/2019\/08\/kantoor-600x400.jpg 600w\" data-sizes=\"auto\" data-original-sizes=\"(max-width: 900px) 100vw, 900px\"><\/p>\n<p><!--more--><br \/>\n<!-- {\"name\":\"checkout\",\"type\":\"layout\",\"children\":[{\"type\":\"section\",\"props\":{\"image_position\":\"center-center\",\"style\":\"default\",\"title_breakpoint\":\"xl\",\"title_position\":\"top-left\",\"title_rotation\":\"left\",\"vertical_align\":\"\",\"width\":\"default\"},\"children\":[{\"type\":\"row\",\"children\":[{\"type\":\"column\",\"props\":{\"image_position\":\"center-center\",\"padding\":\"xsmall\",\"position_sticky_breakpoint\":\"m\",\"style\":\"tile-primary\",\"width_medium\":\"1-1\"},\"children\":[{\"type\":\"headline\",\"props\":{\"content\":\"Heb je interesse in werken bij Interactie? Stuur dan een open sollicitatie met CV en foto naar ons toe.\",\"margin\":\"small\",\"text_align\":\"center\",\"title_element\":\"h1\",\"title_style\":\"h5\"}}]}]},{\"type\":\"row\",\"props\":{\"column_gap\":\"medium\",\"divider\":true,\"layout\":\"2-3,1-3\"},\"children\":[{\"type\":\"column\",\"props\":{\"image_position\":\"center-center\",\"padding\":\"small\",\"position_sticky_breakpoint\":\"m\",\"style\":\"tile-default\",\"width_medium\":\"2-3\"},\"children\":[{\"type\":\"headline\",\"props\":{\"content\":\"Vacatures\",\"margin\":\"small\",\"text_align\":\"center\",\"title_element\":\"h1\",\"title_style\":\"h4\"}},{\"type\":\"divider\",\"props\":{\"divider_element\":\"hr\"}},{\"type\":\"grid\",\"props\":{\"content_column_breakpoint\":\"m\",\"filter_align\":\"left\",\"filter_all\":true,\"filter_grid_breakpoint\":\"m\",\"filter_grid_width\":\"auto\",\"filter_position\":\"top\",\"filter_style\":\"tab\",\"grid_default\":\"1\",\"grid_medium\":\"\",\"icon_width\":80,\"image_align\":\"top\",\"image_grid_breakpoint\":\"m\",\"image_grid_width\":\"1-2\",\"image_svg_color\":\"emphasis\",\"item_animation\":true,\"lightbox_bg_close\":true,\"link_style\":\"default\",\"link_text\":\"Read more\",\"margin\":\"default\",\"meta_align\":\"below-title\",\"meta_element\":\"div\",\"meta_style\":\"text-meta\",\"show_content\":true,\"show_hover_image\":true,\"show_hover_video\":true,\"show_image\":true,\"show_link\":true,\"show_meta\":true,\"show_title\":true,\"show_video\":true,\"title_align\":\"top\",\"title_element\":\"h3\",\"title_grid_breakpoint\":\"m\",\"title_grid_width\":\"1-2\",\"title_hover_style\":\"reset\"},\"children\":[{\"type\":\"grid_item\",\"props\":{\"content\":\"\n\n<p>Ben jij een organisatorisch talent dat energie krijgt van dynamiek, mensen \\u00e9n projecten? Word jij blij van een goed gevulde agenda, overzicht houden in chaos en het vlekkeloos laten verlopen van evenementen en verenigingsactiviteiten? Dan zoeken wij jou!<\\\/p>\\n\n\n<h4>Over de Interactie Groep<\\\/h4>\\n\n\n<p>Wij zijn een innovatieve organisatie in Ede, waar jonge idee\\u00ebn en ervaring samenkomen. Onze kracht zit in samenwerking: binnen ons team \\u00e9n met onze opdrachtgevers. We werken aan betekenisvolle projecten en cre\\u00ebren impact met een glimlach.<\\\/p>\\n\n\n<h4>Wat ga je doen?<\\\/h4>\\n\n\n<p>Als Verenigings- &amp; Eventmanager \\\/ Administratieve duizendpoot ben jij het kloppend hart van onze organisatie. Geen dag is hetzelfde! De ene dag organiseer je een ledenbijeenkomst of congres, de andere dag co\\u00f6rdineer je administratie en communicatie voor meerdere verenigingen.<br \\\/>Jij bent het aanspreekpunt voor leden, partners en collega\\u2019s en zorgt ervoor dat alles op rolletjes loopt:\\u00a0 van planning en communicatie tot administratie en aftercare.<br \\\/>Kortom: jij zorgt dat het gebeurt, \\u00e9n dat het goed gebeurt.<\\\/p>\\n\n\n<h4>Wat wij vragen<\\\/h4>\\n\n\n<ul>\\n\n\n<li>MBO+\\\/HBO werk- en denkniveau, liefst met een achtergrond in management, organisatie of administratie.<\\\/li>\\n\n\n<li>Minimaal 2 jaar ervaring in een vergelijkbare functie.<\\\/li>\\n\n\n<li>Taalgevoel: uitstekende beheersing van het Nederlands (Engels is een pluspunt).<\\\/li>\\n\n\n<li>Je bent sociaal, servicegericht, flexibel en weet mensen met elkaar te verbinden.<\\\/li>\\n\n\n<li>Organisatorisch sterk, nauwkeurig en ordelijk (ja, je houdt van lijstjes).<\\\/li>\\n\n\n<li>Handig met computers, CRM-systemen en administratieve tools.<\\\/li>\\n\n\n<li>Je floreert in een omgeving waar veel gebeurt en projecten elkaar snel afwisselen.<\\\/li>\\n<\\\/ul>\\n\n\n<h4>Wat wij bieden<\\\/h4>\\n\n\n<ul>\\n\n\n<li>Een marktconform salaris passend bij je ervaring.<\\\/li>\\n\n\n<li>Flexibele werktijden en een warme, inspirerende werkomgeving.<\\\/li>\\n\n\n<li>Een enthousiast, jong team dat graag samenwerkt en van aanpakken weet.<\\\/li>\\n\n\n<li>24 vakantiedagen (op basis van 40 uur).<\\\/li>\\n\n\n<li>Volop mogelijkheden om jezelf te ontwikkelen via trainingen en opleidingen.<\\\/li>\\n\n\n<li>Een fietsplan (lekker duurzaam).<\\\/li>\\n\n\n<li>Een jaarcontract met uitzicht op een vast dienstverband.<\\\/li>\\n<\\\/ul>\\n\n\n<h4>Klaar voor de volgende stap?<\\\/h4>\\n\n\n<p>Ben jij die energieke regelaar die van plannen, organiseren en verbinden houdt? Solliciteer vandaag nog en word onderdeel van de Interactie Groep.<\\\/p>\",\"meta\":\"Locatie: Ede | Uren: 36\\u201340 per week\",\"title\":\"Verenigings- & Eventmanager\"}}]},{\"type\":\"text\",\"props\":{\"column_breakpoint\":\"m\",\"content\":\"\n\n<h4>Administratieve duizendpoot<\\\/h4>\\n\n\n<p>Wil jij werken bij een innovatieve organisatie in Ede met een jong team? De Interactie Groep is op zoek naar een administratieve duizendpoot. Je hoeft geen medische kennis te hebben, maar wel organisatorisch sterk zijn en aan meerdere projecten tegelijk kunnen werken. Als persoon ben je vriendelijk, hulpvaardig en een verbinder. Je werkt zelfstandig en in teamverband met zeer bekwame en ervaren collega\\u2019s.<\\\/p>\\n\n\n<h4>Wat is vereist?<\\\/h4>\\n\n\n<ul>\\n\n\n<li>Opleiding op MBO+\\\/HBO niveau (of gelijkwaardige ervaring en\\\/of kwalificaties) verband houdend met management en administratie.<\\\/li>\\n\n\n<li>Fulltime dienstverband (36- tot 40-urige werkweek).<\\\/li>\\n\n\n<li>2+ jaar werkervaring in een soortgelijke rol.<\\\/li>\\n\n\n<li>Goede beheersing van de Nederlandse taal, zowel in woord als schrift. Engels is een pre.<\\\/li>\\n\n\n<li>Communicatief en sociaal ingesteld, flexibel en vlot in de omgang met anderen.<\\\/li>\\n\n\n<li>Organisatorisch sterk, nauwgezet en ordelijk, en je hebt een verzorgd voorkomen.<\\\/li>\\n\n\n<li>Flexibel: je vindt het leuk om voor verschillende projecten tegelijk te werken en snel te schakelen tussen diverse thema\\u2019s en opdrachtgevers.<\\\/li>\\n\n\n<li>Goede computervaardigheden met CRM- en administratieve systemen.<\\\/li>\\n<\\\/ul>\\n\n\n<h4>Wat krijg je?<\\\/h4>\\n\n\n<ul>\\n\n\n<li>Marktconform salaris op basis van kwalificaties en ervaring.<\\\/li>\\n\n\n<li>Flexibele werktijden en een warme en inspirerende werkomgeving.<\\\/li>\\n\n\n<li>Initieel contract heeft een looptijd van \\u00e9\\u00e9n jaar, met de uitdrukkelijke intentie tot een langdurig dienstverband, afhankelijk van de prestaties.<\\\/li>\\n\n\n<li>24 vakantiedagen op basis van een 40-urige werkweek.<\\\/li>\\n\n\n<li>Verschillende trainingsmogelijkheden.<\\\/li>\\n\n\n<li>Mogelijkheid tot fietsplan.<\\\/li>\\n<\\\/ul>\\n\n\n<h4>Contact en solliciteren<\\\/h4>\\n\n\n<p>Voor meer informatie over de functie of over de Interactie Groep kun je contact opnemen met Achraf Ftatchi, operationeel manager van de Interactie Groep. Stuur een e-mail naar achraf.ftatchi@interactiegroep.nl of bel naar 0318-693501. Solliciteren naar deze uitdagende baan kan door het sturen van een motivatiebrief en CV naar bovenstaand e-mailadres.<\\\/p>\",\"margin\":\"default\",\"status\":\"disabled\"}}]},{\"type\":\"column\",\"props\":{\"image_position\":\"center-center\",\"padding\":\"small\",\"position_sticky_breakpoint\":\"m\",\"style\":\"tile-default\",\"width_medium\":\"1-3\"},\"children\":[{\"type\":\"headline\",\"props\":{\"content\":\"Stages\",\"margin\":\"small\",\"text_align\":\"center\",\"title_element\":\"h1\",\"title_style\":\"h4\"}},{\"type\":\"divider\",\"props\":{\"divider_element\":\"hr\"}},{\"type\":\"image\",\"props\":{\"image\":\"wp-content\\\/uploads\\\/2019\\\/08\\\/ecabo.png\",\"image_svg_color\":\"emphasis\",\"margin\":\"default\",\"text_align\":\"center\"}},{\"type\":\"text\",\"props\":{\"column_breakpoint\":\"m\",\"content\":\"\n\n<p>Wil je je verder ontwikkelen door ervaring op te doen in de praktijk? Dat kan! Interactie biedt MBO- en HBO-studenten de gelegenheid om een leuke en leerzame stage te lopen. Er zijn mogelijkheden voor zowel meeloop- als afstudeerstages. Interactie is een erkend leerbedrijf van de ECABO en van het Landelijk Orgaan Beroepsonderwijs Horeca, Toerisme en Voeding (LOB HTV).<\\\/p>\\n\n\n<p>Geef in een mail of brief een duidelijke omschrijving van zowel je opleiding als het doel van de stage (meelopen of afstuderen) en\\\/of de stageopdracht. Voeg daarnaast een CV toe en vertel iets over jezelf en je achtergrond.<\\\/p>\\n\n\n<p>Wij bieden een leuke en professionele werkomgeving in een jong en enthousiast team binnen een sterk groeiende succesvolle organisatie.<\\\/p>\\n\n\n<p>Je sollicitatie kun je sturen naar:<br \/>\\n  <strong>Interactie Groep<\\\/strong><br \/>\\n  t.a.v. Jolien Wiegman<br \/>\\n  Horapark 9<br \/>\\n  6717 LZ Ede<br \/>\\n  E-mail: info@interactiegroep.nl<\\\/p>\",\"margin\":\"small\"}},{\"type\":\"image\",\"props\":{\"image\":\"wp-content\\\/uploads\\\/2019\\\/08\\\/kantoor.jpg\",\"image_box_shadow\":\"large\",\"image_svg_color\":\"emphasis\",\"margin\":\"default\"}}]}]}]}],\"version\":\"4.5.11\"} --><\/p>\n","protected":false},"excerpt":{"rendered":"<p>Heb je interesse in werken bij Interactie? Stuur dan een open sollicitatie met CV en foto naar ons toe. Vacatures Verenigings- &#038; Eventmanager Locatie: Ede | Uren: 36\u201340 per week Ben jij een organisatorisch talent dat energie krijgt van dynamiek, mensen \u00e9n projecten? Word jij blij van een goed gevulde agenda, overzicht houden in chaos [&hellip;]<\/p>\n","protected":false},"author":1,"featured_media":0,"parent":0,"menu_order":0,"comment_status":"closed","ping_status":"closed","template":"","meta":{"_acf_changed":false,"footnotes":""},"class_list":["post-2133","page","type-page","status-publish","hentry"],"acf":[],"_links":{"self":[{"href":"https:\/\/www.interactiegroep.nl\/en\/wp-json\/wp\/v2\/pages\/2133","targetHints":{"allow":["GET"]}}],"collection":[{"href":"https:\/\/www.interactiegroep.nl\/en\/wp-json\/wp\/v2\/pages"}],"about":[{"href":"https:\/\/www.interactiegroep.nl\/en\/wp-json\/wp\/v2\/types\/page"}],"author":[{"embeddable":true,"href":"https:\/\/www.interactiegroep.nl\/en\/wp-json\/wp\/v2\/users\/1"}],"replies":[{"embeddable":true,"href":"https:\/\/www.interactiegroep.nl\/en\/wp-json\/wp\/v2\/comments?post=2133"}],"version-history":[{"count":0,"href":"https:\/\/www.interactiegroep.nl\/en\/wp-json\/wp\/v2\/pages\/2133\/revisions"}],"wp:attachment":[{"href":"https:\/\/www.interactiegroep.nl\/en\/wp-json\/wp\/v2\/media?parent=2133"}],"curies":[{"name":"wp","href":"https:\/\/api.w.org\/{rel}","templated":true}]}}