{"id":524975,"date":"2024-04-09T10:26:01","date_gmt":"2024-04-09T08:26:01","guid":{"rendered":"https:\/\/www.interactiegroep.nl\/?page_id=524975"},"modified":"2024-05-17T11:32:35","modified_gmt":"2024-05-17T09:32:35","slug":"celltrion","status":"publish","type":"page","link":"https:\/\/www.interactiegroep.nl\/en\/celltrion\/","title":{"rendered":"R\u00e9v\u00e9lation des derni\u00e8res avanc\u00e9es sur l&#8217;infliximab sous-cutan\u00e9: Nouveaut\u00e9s et perspectives"},"content":{"rendered":"<p><img decoding=\"async\" data-src=\"\/wp-content\/uploads\/2024\/04\/webinarheader-scaled.jpg\" alt=\"\" src=\"data:image\/svg+xml;base64,PHN2ZyB3aWR0aD0iMSIgaGVpZ2h0PSIxIiB4bWxucz0iaHR0cDovL3d3dy53My5vcmcvMjAwMC9zdmciPjwvc3ZnPg==\" class=\"lazyload\" style=\"--smush-placeholder-width: 1800px; --smush-placeholder-aspect-ratio: 1800\/790;\" data-srcset=\"https:\/\/www.interactiegroep.nl\/wp-content\/uploads\/2024\/04\/webinarheader-scaled.jpg 1800w, https:\/\/www.interactiegroep.nl\/wp-content\/uploads\/2024\/04\/webinarheader-300x132.jpg 300w, https:\/\/www.interactiegroep.nl\/wp-content\/uploads\/2024\/04\/webinarheader-1024x450.jpg 1024w, https:\/\/www.interactiegroep.nl\/wp-content\/uploads\/2024\/04\/webinarheader-768x337.jpg 768w, https:\/\/www.interactiegroep.nl\/wp-content\/uploads\/2024\/04\/webinarheader-1536x674.jpg 1536w, https:\/\/www.interactiegroep.nl\/wp-content\/uploads\/2024\/04\/webinarheader-2048x899.jpg 2048w, https:\/\/www.interactiegroep.nl\/wp-content\/uploads\/2024\/04\/webinarheader-18x8.jpg 18w, https:\/\/www.interactiegroep.nl\/wp-content\/uploads\/2024\/04\/webinarheader-600x263.jpg 600w\" data-sizes=\"auto\" data-original-sizes=\"(max-width: 1800px) 100vw, 1800px\"><\/p>\n<ul>\n<li>\n<div>\n<div style=\"padding:56.25% 0 0 0;position:relative;\"><iframe data-src=\"https:\/\/player.vimeo.com\/video\/947326806?badge=0&amp;autopause=0&amp;player_id=0&amp;app_id=58479\" frameborder=\"0\" allow=\"autoplay; fullscreen; picture-in-picture; clipboard-write\" style=\"position:absolute;top:0;left:0;width:100%;height:100%;\" title=\"R\u00e9v\u00e9lation des derni\u00e8res avanc\u00e9es sur l'infliximab sous-cutan\u00e9: Nouveaut\u00e9s et perspectives\" src=\"data:image\/svg+xml;base64,PHN2ZyB3aWR0aD0iMSIgaGVpZ2h0PSIxIiB4bWxucz0iaHR0cDovL3d3dy53My5vcmcvMjAwMC9zdmciPjwvc3ZnPg==\" class=\"lazyload\" data-load-mode=\"1\"><\/iframe><\/div>\n<p><script src=\"https:\/\/player.vimeo.com\/api\/player.js\"><\/script><\/div>\n<\/li>\n<li>\n<div>\n<p>Sorry. This form is no longer available.<\/p>\n<\/div>\n<\/li>\n<\/ul>\n<h2>L\u2019agenda<\/h2>\n<table>\n<tbody>\n<tr>\n<td>20H00<\/td>\n<td>Prof. Reenaers<\/td>\n<td>\n<p>L\u2019introduction<\/p>\n<\/td>\n<\/tr>\n<tr>\n<td>20H10<\/td>\n<td>Prof. Peyrin-Biroulet<\/td>\n<td>\n<p>Les avanc\u00e9es des anti-TNF dans la maladie de Crohn et rectocolite h\u00e9morragique<\/p>\n<\/td>\n<\/tr>\n<tr>\n<td>20H40<\/td>\n<td>Prof. Reenaers &#038; Prof. Peyrin-Biroulet<\/td>\n<td>\n<p>Discussions<\/p>\n<\/td>\n<\/tr>\n<tr>\n<td>21H00<\/td>\n<td><\/td>\n<td>\n<p>Fin du webinaire<\/p>\n<\/td>\n<\/tr>\n<\/tbody>\n<\/table>\n<p><img decoding=\"async\" data-src=\"\/wp-content\/uploads\/2024\/04\/sprekers.jpg\" alt=\"\" src=\"data:image\/svg+xml;base64,PHN2ZyB3aWR0aD0iMSIgaGVpZ2h0PSIxIiB4bWxucz0iaHR0cDovL3d3dy53My5vcmcvMjAwMC9zdmciPjwvc3ZnPg==\" class=\"lazyload\" style=\"--smush-placeholder-width: 1660px; --smush-placeholder-aspect-ratio: 1660\/971;\" data-srcset=\"https:\/\/www.interactiegroep.nl\/wp-content\/uploads\/2024\/04\/sprekers.jpg 1660w, https:\/\/www.interactiegroep.nl\/wp-content\/uploads\/2024\/04\/sprekers-300x175.jpg 300w, https:\/\/www.interactiegroep.nl\/wp-content\/uploads\/2024\/04\/sprekers-1024x599.jpg 1024w, https:\/\/www.interactiegroep.nl\/wp-content\/uploads\/2024\/04\/sprekers-768x449.jpg 768w, https:\/\/www.interactiegroep.nl\/wp-content\/uploads\/2024\/04\/sprekers-1536x898.jpg 1536w, https:\/\/www.interactiegroep.nl\/wp-content\/uploads\/2024\/04\/sprekers-18x12.jpg 18w, https:\/\/www.interactiegroep.nl\/wp-content\/uploads\/2024\/04\/sprekers-600x351.jpg 600w\" data-sizes=\"auto\" data-original-sizes=\"(max-width: 1660px) 100vw, 1660px\"><\/p>\n<div>\n<p>Deze uitzending wordt mede mogelijk gemaakt door: Celltrion Healthcare Belux<\/p>\n<\/div>\n<p><!--more--><br \/>\n<!-- {\"type\":\"layout\",\"children\":[{\"type\":\"section\",\"props\":{\"image_position\":\"center-center\",\"style\":\"default\",\"title_breakpoint\":\"xl\",\"title_position\":\"top-left\",\"title_rotation\":\"left\",\"vertical_align\":\"middle\",\"width\":\"default\"},\"children\":[{\"type\":\"row\",\"props\":{\"width\":\"small\"},\"children\":[{\"type\":\"column\",\"props\":{\"image_position\":\"center-center\",\"position_sticky_breakpoint\":\"m\"},\"children\":[{\"type\":\"image\",\"props\":{\"image\":\"wp-content\\\/uploads\\\/2024\\\/04\\\/webinarheader-scaled.jpg\",\"image_border\":\"rounded\",\"image_svg_color\":\"emphasis\",\"margin\":\"default\"}},{\"type\":\"grid\",\"props\":{\"content_column_breakpoint\":\"m\",\"css\":\".gform_required_legend {\\n    display: none;\\n}\\n\\n:not(.woocommerce-message,.woocommerce-Message)>.button:not(.alt,.checkout,.view,.pay,[name*=save_]), :not(.woocommerce-message,.woocommerce-Message)>input[type=submit]:not(.alt,.checkout,.view,.pay,[name*=save_]) {\\n    color: #fff;\\n}\",\"filter_align\":\"left\",\"filter_all\":true,\"filter_grid_breakpoint\":\"m\",\"filter_grid_width\":\"auto\",\"filter_position\":\"top\",\"filter_style\":\"tab\",\"grid_default\":\"1\",\"grid_medium\":\"\",\"icon_width\":80,\"image_align\":\"top\",\"image_grid_breakpoint\":\"m\",\"image_grid_width\":\"1-2\",\"image_svg_color\":\"emphasis\",\"item_animation\":true,\"link_style\":\"default\",\"link_text\":\"Read more\",\"margin\":\"default\",\"meta_align\":\"below-title\",\"meta_element\":\"div\",\"meta_style\":\"text-meta\",\"panel_padding\":\"default\",\"panel_style\":\"card-default\",\"show_content\":true,\"show_image\":true,\"show_link\":true,\"show_meta\":true,\"show_title\":true,\"title_align\":\"top\",\"title_element\":\"h3\",\"title_grid_breakpoint\":\"m\",\"title_grid_width\":\"1-2\",\"title_hover_style\":\"reset\"},\"children\":[{\"type\":\"grid_item\",\"props\":{\"content\":\"\n\n<div style=\\\"padding:56.25% 0 0 0;position:relative;\\\"><iframe src=\\\"https:\\\/\\\/player.vimeo.com\\\/video\\\/947326806?badge=0&amp;autopause=0&amp;player_id=0&amp;app_id=58479\\\" frameborder=\\\"0\\\" allow=\\\"autoplay; fullscreen; picture-in-picture; clipboard-write\\\" style=\\\"position:absolute;top:0;left:0;width:100%;height:100%;\\\" title=\\\"R\\u00e9v\\u00e9lation des derni\\u00e8res avanc\\u00e9es sur l'infliximab sous-cutan\\u00e9: Nouveaut\\u00e9s et perspectives\\\"><\\\/iframe><\\\/div><script src=\\\"https:\\\/\\\/player.vimeo.com\\\/api\\\/player.js\\\"><\\\/script>\",\"title\":\"\"}},{\"type\":\"grid_item\",\"props\":{\"content\":\"\n\n<p>[gravityform id=\\\"57\\\" title=\\\"false\\\" description=\\\"false\\\"]<\\\/p>\",\"title\":\"\"}}]},{\"type\":\"headline\",\"props\":{\"content\":\"L\\u2019agenda\",\"title_decoration\":\"divider\",\"title_element\":\"h2\",\"title_style\":\"h3\"}},{\"type\":\"table\",\"props\":{\"image_svg_color\":\"emphasis\",\"link_style\":\"default\",\"link_text\":\"Read more\",\"meta_style\":\"\",\"show_content\":true,\"show_image\":true,\"show_link\":true,\"show_meta\":true,\"show_title\":true,\"table_hover\":false,\"table_justify\":false,\"table_order\":\"3\",\"table_responsive\":\"overflow\",\"table_style\":\"striped\",\"table_width_meta\":\"shrink\",\"table_width_title\":\"shrink\"},\"children\":[{\"type\":\"table_item\",\"props\":{\"content\":\"\n\n<p>L\\u2019introduction<\\\/p>\",\"meta\":\"Prof. Reenaers\",\"title\":\"20H00\"}},{\"type\":\"table_item\",\"props\":{\"content\":\"\n\n<p>Les avanc\\u00e9es des anti-TNF dans la maladie de Crohn et rectocolite h\\u00e9morragique<\\\/p>\",\"meta\":\"Prof. Peyrin-Biroulet\",\"title\":\"20H10\"}},{\"type\":\"table_item\",\"props\":{\"content\":\"\n\n<p>Discussions<\\\/p>\",\"meta\":\"Prof. Reenaers & Prof. Peyrin-Biroulet\",\"title\":\"20H40\"}},{\"type\":\"table_item\",\"props\":{\"content\":\"\n\n<p>Fin du webinaire<\\\/p>\",\"title\":\"21H00\"}}]},{\"type\":\"image\",\"props\":{\"image\":\"wp-content\\\/uploads\\\/2024\\\/04\\\/sprekers.jpg\",\"image_border\":\"rounded\",\"image_svg_color\":\"emphasis\",\"margin\":\"medium\"}},{\"type\":\"text\",\"props\":{\"column_breakpoint\":\"m\",\"content\":\"\n\n<p>Deze uitzending wordt mede mogelijk gemaakt door: Celltrion Healthcare Belux<\\\/p>\",\"margin\":\"default\"}}]}]}]}],\"version\":\"4.3.13\"} --><\/p>\n","protected":false},"excerpt":{"rendered":"<p>L\u2019agenda 20H00 Prof. Reenaers L\u2019introduction 20H10 Prof. Peyrin-Biroulet Les avanc\u00e9es des anti-TNF dans la maladie de Crohn et rectocolite h\u00e9morragique 20H40 Prof. Reenaers &#038; Prof. Peyrin-Biroulet Discussions 21H00 Fin du webinaire Deze uitzending wordt mede mogelijk gemaakt door: Celltrion Healthcare Belux<\/p>","protected":false},"author":1,"featured_media":0,"parent":0,"menu_order":0,"comment_status":"closed","ping_status":"closed","template":"","meta":{"_acf_changed":false,"footnotes":""},"class_list":["post-524975","page","type-page","status-publish","hentry"],"acf":[],"_links":{"self":[{"href":"https:\/\/www.interactiegroep.nl\/en\/wp-json\/wp\/v2\/pages\/524975","targetHints":{"allow":["GET"]}}],"collection":[{"href":"https:\/\/www.interactiegroep.nl\/en\/wp-json\/wp\/v2\/pages"}],"about":[{"href":"https:\/\/www.interactiegroep.nl\/en\/wp-json\/wp\/v2\/types\/page"}],"author":[{"embeddable":true,"href":"https:\/\/www.interactiegroep.nl\/en\/wp-json\/wp\/v2\/users\/1"}],"replies":[{"embeddable":true,"href":"https:\/\/www.interactiegroep.nl\/en\/wp-json\/wp\/v2\/comments?post=524975"}],"version-history":[{"count":0,"href":"https:\/\/www.interactiegroep.nl\/en\/wp-json\/wp\/v2\/pages\/524975\/revisions"}],"wp:attachment":[{"href":"https:\/\/www.interactiegroep.nl\/en\/wp-json\/wp\/v2\/media?parent=524975"}],"curies":[{"name":"wp","href":"https:\/\/api.w.org\/{rel}","templated":true}]}}